{"id":157,"date":"2023-12-19T10:29:20","date_gmt":"2023-12-19T09:29:20","guid":{"rendered":"https:\/\/tatianatournut.com\/?page_id=157"},"modified":"2023-12-19T10:39:40","modified_gmt":"2023-12-19T09:39:40","slug":"association-tatiana-vtt","status":"publish","type":"page","link":"https:\/\/tatianatournut.com\/?page_id=157","title":{"rendered":"ASSOCIATION TATIANA VTT"},"content":{"rendered":"<p>L&rsquo;association Tatiana VTT a \u00e9t\u00e9 cr\u00e9\u00e9e pour soutenir Tatiana dans son projet sportif. Soutien moral, avec des d\u00e9placements d&rsquo;un fan club sur des comp\u00e9titions et soutien financier pour des stages, comp\u00e9titions ou achat de mat\u00e9riel.<\/p>\n<p>L&rsquo;association a aussi pour but de promouvoir le sport sant\u00e9 sur le Haut-Jura en organisant, par exemple, des animations sur la th\u00e9matique du sport, de la mobilit\u00e9, de la di\u00e9t\u00e9tique&#8230;<\/p>\n<p>Tatiana suit actuellement un cursus universitaire en STAPS et, dans le cadre de sa reconversion professionnelle apr\u00e8s sa carri\u00e8re sportive, se consacrera \u00e0 dispenser les meilleurs conseils au maximum de personnes afin de faire faire du sport aux petits comme aux grands.<\/p>\n<p>L&rsquo;association pourra aussi venir en aide \u00e0 d&rsquo;autres jeunes athl\u00e8tes issus du club VTT Massif Jura qui se lanceront sur les comp\u00e9titions nationales ou internationales.<\/p>\n\n\n<figure class=\"wp-block-image\"><img loading=\"lazy\" decoding=\"async\" width=\"1442\" height=\"2560\" src=\"https:\/\/tatianatournut.com\/wp-content\/uploads\/2023\/12\/20230603_124902-scaled.jpg\" alt=\"\" class=\"wp-image-69\" srcset=\"https:\/\/tatianatournut.com\/wp-content\/uploads\/2023\/12\/20230603_124902-scaled.jpg 1442w, https:\/\/tatianatournut.com\/wp-content\/uploads\/2023\/12\/20230603_124902-169x300.jpg 169w, https:\/\/tatianatournut.com\/wp-content\/uploads\/2023\/12\/20230603_124902-577x1024.jpg 577w, https:\/\/tatianatournut.com\/wp-content\/uploads\/2023\/12\/20230603_124902-768x1364.jpg 768w, https:\/\/tatianatournut.com\/wp-content\/uploads\/2023\/12\/20230603_124902-865x1536.jpg 865w, https:\/\/tatianatournut.com\/wp-content\/uploads\/2023\/12\/20230603_124902-1153x2048.jpg 1153w\" sizes=\"(max-width: 1442px) 100vw, 1442px\" \/><\/figure>\n","protected":false},"excerpt":{"rendered":"<p>L&rsquo;association Tatiana VTT a \u00e9t\u00e9 cr\u00e9\u00e9e pour soutenir Tatiana dans son projet sportif. Soutien moral, avec des d\u00e9placements d&rsquo;un fan club sur des comp\u00e9titions et soutien financier pour des stages, comp\u00e9titions ou achat de mat\u00e9riel. L&rsquo;association a aussi pour but de promouvoir le sport sant\u00e9 sur le Haut-Jura en organisant, par exemple, des animations sur [&hellip;]<\/p>\n","protected":false},"author":2,"featured_media":0,"parent":0,"menu_order":0,"comment_status":"closed","ping_status":"closed","template":"","meta":{"footnotes":""},"_links":{"self":[{"href":"https:\/\/tatianatournut.com\/index.php?rest_route=\/wp\/v2\/pages\/157"}],"collection":[{"href":"https:\/\/tatianatournut.com\/index.php?rest_route=\/wp\/v2\/pages"}],"about":[{"href":"https:\/\/tatianatournut.com\/index.php?rest_route=\/wp\/v2\/types\/page"}],"author":[{"embeddable":true,"href":"https:\/\/tatianatournut.com\/index.php?rest_route=\/wp\/v2\/users\/2"}],"replies":[{"embeddable":true,"href":"https:\/\/tatianatournut.com\/index.php?rest_route=%2Fwp%2Fv2%2Fcomments&post=157"}],"version-history":[{"count":2,"href":"https:\/\/tatianatournut.com\/index.php?rest_route=\/wp\/v2\/pages\/157\/revisions"}],"predecessor-version":[{"id":161,"href":"https:\/\/tatianatournut.com\/index.php?rest_route=\/wp\/v2\/pages\/157\/revisions\/161"}],"wp:attachment":[{"href":"https:\/\/tatianatournut.com\/index.php?rest_route=%2Fwp%2Fv2%2Fmedia&parent=157"}],"curies":[{"name":"wp","href":"https:\/\/api.w.org\/{rel}","templated":true}]}}