{"id":194,"date":"2024-03-13T14:17:29","date_gmt":"2024-03-13T13:17:29","guid":{"rendered":"https:\/\/tatianatournut.com\/?page_id=194"},"modified":"2024-03-24T08:48:25","modified_gmt":"2024-03-24T07:48:25","slug":"live","status":"publish","type":"page","link":"https:\/\/tatianatournut.com\/?page_id=194","title":{"rendered":"live timing et info courses"},"content":{"rendered":"<p>Coupe de Suisse \u00e0 Rivera- Tamaro trophy<\/p>\n<p>Dimanche 24 mars \u00e0 12h \u00e0 suivre sur :<\/p>\n<p>live-timing :\u00a0<a href=\"https:\/\/my.raceresult.com\/266863\/\">https:\/\/my.raceresult.com\/266863\/<\/a><\/p>\n<p><a href=\"https:\/\/www.youtube.com\/live\/5N06vv385Vs?si=G44mUnoUkKYitCFc\">https:\/\/www.youtube.com\/live\/5N06vv385Vs?si=G44mUnoUkKYitCFc<\/a><\/p>\n\n\n<p><\/p>\n\n\n\n<div class=\"wp-block-media-text is-stacked-on-mobile\"><figure class=\"wp-block-media-text__media\"><img loading=\"lazy\" decoding=\"async\" width=\"1024\" height=\"667\" src=\"http:\/\/tatianatournut.com\/wp-content\/uploads\/2024\/03\/IMG-20240220-WA0000-1024x667.jpg\" alt=\"\" class=\"wp-image-229 size-full\" srcset=\"https:\/\/tatianatournut.com\/wp-content\/uploads\/2024\/03\/IMG-20240220-WA0000-1024x667.jpg 1024w, https:\/\/tatianatournut.com\/wp-content\/uploads\/2024\/03\/IMG-20240220-WA0000-300x195.jpg 300w, https:\/\/tatianatournut.com\/wp-content\/uploads\/2024\/03\/IMG-20240220-WA0000-768x500.jpg 768w, https:\/\/tatianatournut.com\/wp-content\/uploads\/2024\/03\/IMG-20240220-WA0000.jpg 1080w\" sizes=\"(max-width: 1024px) 100vw, 1024px\" \/><\/figure><div class=\"wp-block-media-text__content\">\n<p><\/p>\n<\/div><\/div>\n","protected":false},"excerpt":{"rendered":"<p>Coupe de Suisse \u00e0 Rivera- Tamaro trophy Dimanche 24 mars \u00e0 12h \u00e0 suivre sur : live-timing :\u00a0https:\/\/my.raceresult.com\/266863\/ https:\/\/www.youtube.com\/live\/5N06vv385Vs?si=G44mUnoUkKYitCFc<\/p>\n","protected":false},"author":2,"featured_media":0,"parent":0,"menu_order":0,"comment_status":"closed","ping_status":"closed","template":"","meta":{"footnotes":""},"_links":{"self":[{"href":"https:\/\/tatianatournut.com\/index.php?rest_route=\/wp\/v2\/pages\/194"}],"collection":[{"href":"https:\/\/tatianatournut.com\/index.php?rest_route=\/wp\/v2\/pages"}],"about":[{"href":"https:\/\/tatianatournut.com\/index.php?rest_route=\/wp\/v2\/types\/page"}],"author":[{"embeddable":true,"href":"https:\/\/tatianatournut.com\/index.php?rest_route=\/wp\/v2\/users\/2"}],"replies":[{"embeddable":true,"href":"https:\/\/tatianatournut.com\/index.php?rest_route=%2Fwp%2Fv2%2Fcomments&post=194"}],"version-history":[{"count":13,"href":"https:\/\/tatianatournut.com\/index.php?rest_route=\/wp\/v2\/pages\/194\/revisions"}],"predecessor-version":[{"id":279,"href":"https:\/\/tatianatournut.com\/index.php?rest_route=\/wp\/v2\/pages\/194\/revisions\/279"}],"wp:attachment":[{"href":"https:\/\/tatianatournut.com\/index.php?rest_route=%2Fwp%2Fv2%2Fmedia&parent=194"}],"curies":[{"name":"wp","href":"https:\/\/api.w.org\/{rel}","templated":true}]}}