{"id":256,"date":"2024-03-13T17:37:01","date_gmt":"2024-03-13T16:37:01","guid":{"rendered":"https:\/\/tatianatournut.com\/?page_id=256"},"modified":"2024-03-13T18:49:48","modified_gmt":"2024-03-13T17:49:48","slug":"actualite","status":"publish","type":"page","link":"https:\/\/tatianatournut.com\/","title":{"rendered":"ACTUALITE"},"content":{"rendered":"\n<div class=\"wp-block-media-text is-stacked-on-mobile\"><figure class=\"wp-block-media-text__media\"><img loading=\"lazy\" decoding=\"async\" width=\"1024\" height=\"1024\" src=\"http:\/\/tatianatournut.com\/wp-content\/uploads\/2024\/03\/IMG_20240310_173812_265-1024x1024.webp\" alt=\"\" class=\"wp-image-227 size-full\" srcset=\"https:\/\/tatianatournut.com\/wp-content\/uploads\/2024\/03\/IMG_20240310_173812_265-1024x1024.webp 1024w, https:\/\/tatianatournut.com\/wp-content\/uploads\/2024\/03\/IMG_20240310_173812_265-300x300.webp 300w, https:\/\/tatianatournut.com\/wp-content\/uploads\/2024\/03\/IMG_20240310_173812_265-150x150.webp 150w, https:\/\/tatianatournut.com\/wp-content\/uploads\/2024\/03\/IMG_20240310_173812_265-768x768.webp 768w, https:\/\/tatianatournut.com\/wp-content\/uploads\/2024\/03\/IMG_20240310_173812_265.webp 1067w\" sizes=\"(max-width: 1024px) 100vw, 1024px\" \/><\/figure><div class=\"wp-block-media-text__content\">\n<p>La saison est repartie, alors on va voir la page calendrier et surtout celle du  <a href=\"https:\/\/tatianatournut.com\/?page_id=194\">live-timing et infos courses<\/a> pour trouver toutes les infos !<\/p>\n<\/div><\/div>\n\n\n\n<p><\/p>\n\n\n\n<div class=\"wp-block-media-text is-stacked-on-mobile\"><figure class=\"wp-block-media-text__media\"><img loading=\"lazy\" decoding=\"async\" width=\"1024\" height=\"577\" src=\"http:\/\/tatianatournut.com\/wp-content\/uploads\/2024\/03\/20231210_210911-1024x577.jpg\" alt=\"\" class=\"wp-image-222 size-full\" srcset=\"https:\/\/tatianatournut.com\/wp-content\/uploads\/2024\/03\/20231210_210911-1024x577.jpg 1024w, https:\/\/tatianatournut.com\/wp-content\/uploads\/2024\/03\/20231210_210911-300x169.jpg 300w, https:\/\/tatianatournut.com\/wp-content\/uploads\/2024\/03\/20231210_210911-768x432.jpg 768w, https:\/\/tatianatournut.com\/wp-content\/uploads\/2024\/03\/20231210_210911-1536x865.jpg 1536w, https:\/\/tatianatournut.com\/wp-content\/uploads\/2024\/03\/20231210_210911-2048x1153.jpg 2048w\" sizes=\"(max-width: 1024px) 100vw, 1024px\" \/><\/figure><div class=\"wp-block-media-text__content\">\n<p>Pour aider Tatiana \u00e0 poursuivre son r\u00eave de haut niveau dans le VTT, l&rsquo;association Tatiana VTT a fait faire de jolies chaussettes de sport \u00e0 ses couleurs. Alors n&rsquo;h\u00e9sitez pas \u00e0 passer commande ! \ud83d\ude09<\/p>\n\n\n\n<p>En vente au prix de 10 euros en noir ou blanc et en 39-41 ou 42-44.<\/p>\n\n\n\n<p>commande : tatianavtt39@gmail.com<\/p>\n<\/div><\/div>\n","protected":false},"excerpt":{"rendered":"<p>La saison est repartie, alors on va voir la page calendrier et surtout celle du live-timing et infos courses pour trouver toutes les infos ! Pour aider Tatiana \u00e0 poursuivre son r\u00eave de haut niveau dans le VTT, l&rsquo;association Tatiana VTT a fait faire de jolies chaussettes de sport \u00e0 ses couleurs. Alors n&rsquo;h\u00e9sitez pas [&hellip;]<\/p>\n","protected":false},"author":2,"featured_media":0,"parent":0,"menu_order":0,"comment_status":"closed","ping_status":"closed","template":"","meta":{"footnotes":""},"_links":{"self":[{"href":"https:\/\/tatianatournut.com\/index.php?rest_route=\/wp\/v2\/pages\/256"}],"collection":[{"href":"https:\/\/tatianatournut.com\/index.php?rest_route=\/wp\/v2\/pages"}],"about":[{"href":"https:\/\/tatianatournut.com\/index.php?rest_route=\/wp\/v2\/types\/page"}],"author":[{"embeddable":true,"href":"https:\/\/tatianatournut.com\/index.php?rest_route=\/wp\/v2\/users\/2"}],"replies":[{"embeddable":true,"href":"https:\/\/tatianatournut.com\/index.php?rest_route=%2Fwp%2Fv2%2Fcomments&post=256"}],"version-history":[{"count":4,"href":"https:\/\/tatianatournut.com\/index.php?rest_route=\/wp\/v2\/pages\/256\/revisions"}],"predecessor-version":[{"id":275,"href":"https:\/\/tatianatournut.com\/index.php?rest_route=\/wp\/v2\/pages\/256\/revisions\/275"}],"wp:attachment":[{"href":"https:\/\/tatianatournut.com\/index.php?rest_route=%2Fwp%2Fv2%2Fmedia&parent=256"}],"curies":[{"name":"wp","href":"https:\/\/api.w.org\/{rel}","templated":true}]}}